{"id":402,"date":"2026-03-13T22:06:30","date_gmt":"2026-03-13T22:06:30","guid":{"rendered":"https:\/\/cochescompraventa.com\/?page_id=402"},"modified":"2026-03-13T22:12:17","modified_gmt":"2026-03-13T22:12:17","slug":"politicas-de-cookies","status":"publish","type":"page","link":"https:\/\/cochescompraventa.com\/it\/politicas-de-cookies\/","title":{"rendered":"Pol\u00edticas de Cookies"},"content":{"rendered":"<div data-elementor-type=\"wp-page\" data-elementor-id=\"402\" class=\"elementor elementor-402\" data-elementor-post-type=\"page\">\n\t\t\t\t<div class=\"elementor-element elementor-element-vu9ged4 e-flex e-con-boxed wpr-particle-no wpr-jarallax-no wpr-parallax-no wpr-sticky-section-no e-con e-parent\" data-id=\"vu9ged4\" data-element_type=\"container\" data-e-type=\"container\" data-settings=\"{&quot;background_background&quot;:&quot;classic&quot;}\">\n\t\t\t\t\t<div class=\"e-con-inner\">\n\t\t<div class=\"elementor-element elementor-element-77c7c4a e-con-full e-flex wpr-particle-no wpr-jarallax-no wpr-parallax-no wpr-sticky-section-no e-con e-child\" data-id=\"77c7c4a\" data-element_type=\"container\" data-e-type=\"container\">\n\t\t\t\t<div class=\"elementor-element elementor-element-794fd0f elementor-invisible elementor-widget elementor-widget-hfe-infocard\" data-id=\"794fd0f\" data-element_type=\"widget\" data-e-type=\"widget\" data-settings=\"{&quot;_animation&quot;:&quot;zoomInUp&quot;}\" data-widget_type=\"hfe-infocard.default\">\n\t\t\t\t<div class=\"elementor-widget-container\">\n\t\t\t\t\t\n\t\t<div class=\"hfe-infocard\">\n\t\t\t\t\t\t\t\t\t<div class=\"hfe-infocard-title-wrap\">\n\t\t\t\t<h1 class=\"hfe-infocard-title elementor-inline-editing\" data-elementor-setting-key=\"infocard_title\" data-elementor-inline-editing-toolbar=\"basic\" >Informativa sui cookie<\/h1>\t\t\t<\/div>\n\t\t\t\t\t\t<div class=\"hfe-infocard-text-wrap\">\n\t\t\t\t<div class=\"hfe-infocard-text elementor-inline-editing\" data-elementor-setting-key=\"infocard_description\" data-elementor-inline-editing-toolbar=\"advanced\">\n\t\t\t\t\t\t\t\t\t<\/div>\n\t\t\t\t\t\t\t<\/div>\n\t\t<\/div>\n\n\t\t\t\t\t\t<\/div>\n\t\t\t\t<\/div>\n\t\t\t\t<\/div>\n\t\t\t\t\t<\/div>\n\t\t\t\t<\/div>\n\t\t<div class=\"elementor-element elementor-element-4873a94 e-flex e-con-boxed wpr-particle-no wpr-jarallax-no wpr-parallax-no wpr-sticky-section-no e-con e-parent\" data-id=\"4873a94\" data-element_type=\"container\" data-e-type=\"container\">\n\t\t\t\t\t<div class=\"e-con-inner\">\n\t\t\t\t<div class=\"elementor-element elementor-element-980ffda elementor-invisible elementor-widget elementor-widget-text-editor\" data-id=\"980ffda\" data-element_type=\"widget\" data-e-type=\"widget\" data-settings=\"{&quot;_animation&quot;:&quot;fadeIn&quot;}\" data-widget_type=\"text-editor.default\">\n\t\t\t\t\t\t\t\t\t<h2><strong>1. \u00bfQu\u00e9 son las cookies?<\/strong><\/h2><p>Las cookies son peque\u00f1os archivos que se almacenan en el dispositivo del usuario cuando visita un sitio web. Permiten que el sitio web recuerde informaci\u00f3n sobre su visita, facilitando su navegaci\u00f3n y mejorando la experiencia del usuario.<\/p><h2><strong>2. Tipos de cookies utilizadas<\/strong><\/h2><p>Este sitio web puede utilizar los siguientes tipos de cookies:<\/p><p><strong>Cookies t\u00e9cnicas o necesarias<\/strong><\/p><p>Permiten el funcionamiento b\u00e1sico del sitio web y no pueden desactivarse en nuestros sistemas.<\/p><p><strong>Cookies anal\u00edticas<\/strong><\/p><p>Permiten analizar el comportamiento de navegaci\u00f3n de los usuarios con el fin de mejorar los servicios ofrecidos.<\/p><p><strong>Cookies funcionales<\/strong><\/p><p>Permiten recordar preferencias del usuario como idioma o regi\u00f3n.<\/p><p><strong>Cookies publicitarias o de marketing<\/strong><\/p><p>Permiten mostrar anuncios relevantes y medir la eficacia de las campa\u00f1as publicitarias.<\/p><h2><strong>3. Seguimiento de navegaci\u00f3n entre sitios web del grupo<\/strong><\/h2><p>Este sitio web puede utilizar cookies anal\u00edticas para comprender el recorrido de navegaci\u00f3n de las personas usuarias.<\/p><p>En caso de aceptar las cookies, podr\u00e1n recopilarse datos que permitan analizar el tr\u00e1nsito de usuarios desde la landing <strong>cochescompraventa.com<\/strong> hacia otros sitios web pertenecientes al Grupo Miguel Le\u00f3n, incluyendo <strong><a href=\"http:\/\/www.miguelleon.es\/\">www.miguelleon.es<\/a><\/strong>.<\/p><p>La finalidad de este tratamiento es:<\/p><p><strong>analizar el comportamiento de navegaci\u00f3n<\/strong><\/p><p><strong>medir el rendimiento de campa\u00f1as publicitarias<\/strong><\/p><p><strong>mejorar la experiencia de usuario en los distintos sitios web del grupo<\/strong><\/p><h2><strong>4. Cookies de terceros<\/strong><\/h2><p>Este sitio web puede utilizar cookies de terceros que permiten obtener informaci\u00f3n estad\u00edstica sobre el uso del sitio web y analizar la eficacia de campa\u00f1as publicitarias.<\/p><p>Estas cookies pueden ser gestionadas por proveedores externos.<\/p><h2><strong>5. Base legal para el uso de cookies<\/strong><\/h2><p>El uso de cookies no esenciales se basa en el consentimiento de la persona usuaria, que podr\u00e1 aceptar o rechazar su utilizaci\u00f3n mediante el banner de cookies del sitio web.<\/p><p>La persona usuaria podr\u00e1 retirar su consentimiento en cualquier momento.<\/p><h2><strong>6. Gesti\u00f3n de cookies<\/strong><\/h2><p>Las personas usuarias pueden permitir, bloquear o eliminar las cookies instaladas en su dispositivo mediante la configuraci\u00f3n del navegador utilizado.<\/p><h2><strong>7. Actualizaci\u00f3n de la pol\u00edtica de cookies<\/strong><\/h2><p>La presente pol\u00edtica de cookies puede modificarse para adaptarse a cambios legislativos o t\u00e9cnicos.<\/p>\t\t\t\t\t\t\t\t<\/div>\n\t\t\t\t\t<\/div>\n\t\t\t\t<\/div>\n\t\t\t\t<\/div>","protected":false},"excerpt":{"rendered":"<p>Pol\u00edticas De Cookies 1. \u00bfQu\u00e9 son las cookies? Las cookies son peque\u00f1os archivos que se almacenan en el dispositivo del usuario cuando visita un sitio web. Permiten que el sitio web recuerde informaci\u00f3n sobre su visita, facilitando su navegaci\u00f3n y mejorando la experiencia del usuario. 2. Tipos de cookies utilizadas Este sitio web puede utilizar los siguientes tipos de cookies: Cookies t\u00e9cnicas o necesarias Permiten el funcionamiento b\u00e1sico del sitio web y no pueden desactivarse en nuestros sistemas. Cookies anal\u00edticas Permiten analizar el comportamiento de navegaci\u00f3n de los usuarios con el fin de mejorar los servicios ofrecidos. Cookies funcionales Permiten recordar preferencias del usuario como idioma o regi\u00f3n. Cookies publicitarias o de marketing Permiten mostrar anuncios relevantes y medir la eficacia de las campa\u00f1as publicitarias. 3. Seguimiento de navegaci\u00f3n entre sitios web del grupo Este sitio web puede utilizar cookies anal\u00edticas para comprender el recorrido de navegaci\u00f3n de las personas usuarias. En caso de aceptar las cookies, podr\u00e1n recopilarse datos que permitan analizar el tr\u00e1nsito de usuarios desde la landing cochescompraventa.com hacia otros sitios web pertenecientes al Grupo Miguel Le\u00f3n, incluyendo www.miguelleon.es. La finalidad de este tratamiento es: analizar el comportamiento de navegaci\u00f3n medir el rendimiento de campa\u00f1as publicitarias mejorar la experiencia de usuario en los distintos sitios web del grupo 4. Cookies de terceros Este sitio web puede utilizar cookies de terceros que permiten obtener informaci\u00f3n estad\u00edstica sobre el uso del sitio web y analizar la eficacia de campa\u00f1as publicitarias. Estas cookies pueden ser gestionadas por proveedores externos. 5. Base legal para el uso de cookies El uso de cookies no esenciales se basa en el consentimiento de la persona usuaria, que podr\u00e1 aceptar o rechazar su utilizaci\u00f3n mediante el banner de cookies del sitio web. La persona usuaria podr\u00e1 retirar su consentimiento en cualquier momento. 6. Gesti\u00f3n de cookies Las personas usuarias pueden permitir, bloquear o eliminar las cookies instaladas en su dispositivo mediante la configuraci\u00f3n del navegador utilizado. 7. Actualizaci\u00f3n de la pol\u00edtica de cookies La presente pol\u00edtica de cookies puede modificarse para adaptarse a cambios legislativos o t\u00e9cnicos.<\/p>","protected":false},"author":1,"featured_media":0,"parent":0,"menu_order":0,"comment_status":"closed","ping_status":"closed","template":"elementor_header_footer","meta":{"footnotes":""},"class_list":["post-402","page","type-page","status-publish","hentry"],"_hostinger_reach_plugin_has_subscription_block":false,"_hostinger_reach_plugin_is_elementor":false,"_links":{"self":[{"href":"https:\/\/cochescompraventa.com\/it\/wp-json\/wp\/v2\/pages\/402","targetHints":{"allow":["GET"]}}],"collection":[{"href":"https:\/\/cochescompraventa.com\/it\/wp-json\/wp\/v2\/pages"}],"about":[{"href":"https:\/\/cochescompraventa.com\/it\/wp-json\/wp\/v2\/types\/page"}],"author":[{"embeddable":true,"href":"https:\/\/cochescompraventa.com\/it\/wp-json\/wp\/v2\/users\/1"}],"replies":[{"embeddable":true,"href":"https:\/\/cochescompraventa.com\/it\/wp-json\/wp\/v2\/comments?post=402"}],"version-history":[{"count":8,"href":"https:\/\/cochescompraventa.com\/it\/wp-json\/wp\/v2\/pages\/402\/revisions"}],"predecessor-version":[{"id":418,"href":"https:\/\/cochescompraventa.com\/it\/wp-json\/wp\/v2\/pages\/402\/revisions\/418"}],"wp:attachment":[{"href":"https:\/\/cochescompraventa.com\/it\/wp-json\/wp\/v2\/media?parent=402"}],"curies":[{"name":"wp","href":"https:\/\/api.w.org\/{rel}","templated":true}]}}